{"id":58,"date":"2023-06-29T17:11:03","date_gmt":"2023-06-29T17:11:03","guid":{"rendered":"https:\/\/gestionsostenible.cl\/?page_id=58"},"modified":"2023-07-28T20:46:48","modified_gmt":"2023-07-28T20:46:48","slug":"quienes-somos_director","status":"publish","type":"page","link":"https:\/\/gestionsostenible.cl\/index.php\/quienes-somos_director\/","title":{"rendered":"quienes somos_director"},"content":{"rendered":"\t\t<div data-elementor-type=\"wp-page\" data-elementor-id=\"58\" class=\"elementor elementor-58\">\n\t\t\t\t\t\t\t\t\t<section class=\"elementor-section elementor-top-section elementor-element elementor-element-b396bc4 elementor-section-full_width elementor-section-height-default elementor-section-height-default\" data-id=\"b396bc4\" data-element_type=\"section\">\n\t\t\t\t\t\t<div class=\"elementor-container elementor-column-gap-default\">\n\t\t\t\t\t<div class=\"elementor-column elementor-col-100 elementor-top-column elementor-element elementor-element-bb3d491\" data-id=\"bb3d491\" data-element_type=\"column\">\n\t\t\t<div class=\"elementor-widget-wrap elementor-element-populated\">\n\t\t\t\t\t\t\t\t<section class=\"elementor-section elementor-inner-section elementor-element elementor-element-0068e14 elementor-section-boxed elementor-section-height-default elementor-section-height-default\" data-id=\"0068e14\" data-element_type=\"section\" data-settings=\"{&quot;background_background&quot;:&quot;classic&quot;}\">\n\t\t\t\t\t\t<div class=\"elementor-container elementor-column-gap-default\">\n\t\t\t\t\t<div class=\"elementor-column elementor-col-50 elementor-inner-column elementor-element elementor-element-0cb48f7\" data-id=\"0cb48f7\" data-element_type=\"column\">\n\t\t\t<div class=\"elementor-widget-wrap elementor-element-populated\">\n\t\t\t\t\t\t\t\t<div class=\"elementor-element elementor-element-025a1ab animated-fast elementor-invisible elementor-widget elementor-widget-heading\" data-id=\"025a1ab\" data-element_type=\"widget\" data-settings=\"{&quot;_animation&quot;:&quot;zoomIn&quot;}\" data-widget_type=\"heading.default\">\n\t\t\t\t<div class=\"elementor-widget-container\">\n\t\t\t<style>\/*! elementor - v3.14.0 - 26-06-2023 *\/\n.elementor-heading-title{padding:0;margin:0;line-height:1}.elementor-widget-heading .elementor-heading-title[class*=elementor-size-]>a{color:inherit;font-size:inherit;line-height:inherit}.elementor-widget-heading .elementor-heading-title.elementor-size-small{font-size:15px}.elementor-widget-heading .elementor-heading-title.elementor-size-medium{font-size:19px}.elementor-widget-heading .elementor-heading-title.elementor-size-large{font-size:29px}.elementor-widget-heading .elementor-heading-title.elementor-size-xl{font-size:39px}.elementor-widget-heading .elementor-heading-title.elementor-size-xxl{font-size:59px}<\/style><h2 class=\"elementor-heading-title elementor-size-default\">QUIENES SOMOS<\/h2>\t\t<\/div>\n\t\t\t\t<\/div>\n\t\t\t\t\t<\/div>\n\t\t<\/div>\n\t\t\t\t<div class=\"elementor-column elementor-col-50 elementor-inner-column elementor-element elementor-element-07ef76a\" data-id=\"07ef76a\" data-element_type=\"column\">\n\t\t\t<div class=\"elementor-widget-wrap\">\n\t\t\t\t\t\t\t\t\t<\/div>\n\t\t<\/div>\n\t\t\t\t\t\t\t<\/div>\n\t\t<\/section>\n\t\t\t\t<section class=\"elementor-section elementor-inner-section elementor-element elementor-element-760be6d elementor-section-boxed elementor-section-height-default elementor-section-height-default\" data-id=\"760be6d\" data-element_type=\"section\">\n\t\t\t\t\t\t<div class=\"elementor-container elementor-column-gap-default\">\n\t\t\t\t\t<div class=\"elementor-column elementor-col-100 elementor-inner-column elementor-element elementor-element-49e5886\" data-id=\"49e5886\" data-element_type=\"column\">\n\t\t\t<div class=\"elementor-widget-wrap elementor-element-populated\">\n\t\t\t\t\t\t\t\t<div class=\"elementor-element elementor-element-6b579e5 animated-fast elementor-invisible elementor-widget elementor-widget-heading\" data-id=\"6b579e5\" data-element_type=\"widget\" data-settings=\"{&quot;_animation&quot;:&quot;bounceIn&quot;}\" data-widget_type=\"heading.default\">\n\t\t\t\t<div class=\"elementor-widget-container\">\n\t\t\t<h2 class=\"elementor-heading-title elementor-size-default\">Director<\/h2>\t\t<\/div>\n\t\t\t\t<\/div>\n\t\t\t\t\t<\/div>\n\t\t<\/div>\n\t\t\t\t\t\t\t<\/div>\n\t\t<\/section>\n\t\t\t\t<section class=\"elementor-section elementor-inner-section elementor-element elementor-element-9866df5 elementor-section-boxed elementor-section-height-default elementor-section-height-default\" data-id=\"9866df5\" data-element_type=\"section\">\n\t\t\t\t\t\t<div class=\"elementor-container elementor-column-gap-default\">\n\t\t\t\t\t<div class=\"elementor-column elementor-col-100 elementor-inner-column elementor-element elementor-element-f946909\" data-id=\"f946909\" data-element_type=\"column\">\n\t\t\t<div class=\"elementor-widget-wrap elementor-element-populated\">\n\t\t\t\t\t\t\t\t<div class=\"elementor-element elementor-element-fae5647 animated-fast elementor-invisible elementor-widget elementor-widget-image\" data-id=\"fae5647\" data-element_type=\"widget\" data-settings=\"{&quot;_animation&quot;:&quot;zoomIn&quot;}\" data-widget_type=\"image.default\">\n\t\t\t\t<div class=\"elementor-widget-container\">\n\t\t\t<style>\/*! elementor - v3.14.0 - 26-06-2023 *\/\n.elementor-widget-image{text-align:center}.elementor-widget-image a{display:inline-block}.elementor-widget-image a img[src$=\".svg\"]{width:48px}.elementor-widget-image img{vertical-align:middle;display:inline-block}<\/style>\t\t\t\t\t\t\t\t\t\t\t\t<img loading=\"lazy\" decoding=\"async\" width=\"1024\" height=\"1024\" src=\"https:\/\/gestionsostenible.cl\/wp-content\/uploads\/2023\/07\/IMG_1115-min-1024x1024.png\" class=\"attachment-large size-large wp-image-1072\" alt=\"\" srcset=\"https:\/\/gestionsostenible.cl\/wp-content\/uploads\/2023\/07\/IMG_1115-min-1024x1024.png 1024w, https:\/\/gestionsostenible.cl\/wp-content\/uploads\/2023\/07\/IMG_1115-min-300x300.png 300w, https:\/\/gestionsostenible.cl\/wp-content\/uploads\/2023\/07\/IMG_1115-min-150x150.png 150w, https:\/\/gestionsostenible.cl\/wp-content\/uploads\/2023\/07\/IMG_1115-min-768x768.png 768w, https:\/\/gestionsostenible.cl\/wp-content\/uploads\/2023\/07\/IMG_1115-min.png 1052w\" sizes=\"auto, (max-width: 1024px) 100vw, 1024px\" \/>\t\t\t\t\t\t\t\t\t\t\t\t\t\t\t<\/div>\n\t\t\t\t<\/div>\n\t\t\t\t\t<\/div>\n\t\t<\/div>\n\t\t\t\t\t\t\t<\/div>\n\t\t<\/section>\n\t\t\t\t<section class=\"elementor-section elementor-inner-section elementor-element elementor-element-9de2d49 elementor-section-boxed elementor-section-height-default elementor-section-height-default\" data-id=\"9de2d49\" data-element_type=\"section\">\n\t\t\t\t\t\t<div class=\"elementor-container elementor-column-gap-default\">\n\t\t\t\t\t<div class=\"elementor-column elementor-col-100 elementor-inner-column elementor-element elementor-element-8955865\" data-id=\"8955865\" data-element_type=\"column\">\n\t\t\t<div class=\"elementor-widget-wrap elementor-element-populated\">\n\t\t\t\t\t\t\t\t<div class=\"elementor-element elementor-element-1f7f86b animated-fast elementor-invisible elementor-widget elementor-widget-heading\" data-id=\"1f7f86b\" data-element_type=\"widget\" data-settings=\"{&quot;_animation&quot;:&quot;bounceIn&quot;}\" data-widget_type=\"heading.default\">\n\t\t\t\t<div class=\"elementor-widget-container\">\n\t\t\t<h2 class=\"elementor-heading-title elementor-size-default\">Mauricio Castro Jara<\/h2>\t\t<\/div>\n\t\t\t\t<\/div>\n\t\t\t\t\t<\/div>\n\t\t<\/div>\n\t\t\t\t\t\t\t<\/div>\n\t\t<\/section>\n\t\t\t\t<section class=\"elementor-section elementor-inner-section elementor-element elementor-element-2e3c2dd animated-fast elementor-section-boxed elementor-section-height-default elementor-section-height-default elementor-invisible\" data-id=\"2e3c2dd\" data-element_type=\"section\" data-settings=\"{&quot;animation&quot;:&quot;bounceInUp&quot;}\">\n\t\t\t\t\t\t<div class=\"elementor-container elementor-column-gap-default\">\n\t\t\t\t\t<div class=\"elementor-column elementor-col-100 elementor-inner-column elementor-element elementor-element-a6629dd\" data-id=\"a6629dd\" data-element_type=\"column\">\n\t\t\t<div class=\"elementor-widget-wrap elementor-element-populated\">\n\t\t\t\t\t\t\t\t<div class=\"elementor-element elementor-element-3493691 elementor-widget elementor-widget-text-editor\" data-id=\"3493691\" data-element_type=\"widget\" data-widget_type=\"text-editor.default\">\n\t\t\t\t<div class=\"elementor-widget-container\">\n\t\t\t<style>\/*! elementor - v3.14.0 - 26-06-2023 *\/\n.elementor-widget-text-editor.elementor-drop-cap-view-stacked .elementor-drop-cap{background-color:#69727d;color:#fff}.elementor-widget-text-editor.elementor-drop-cap-view-framed .elementor-drop-cap{color:#69727d;border:3px solid;background-color:transparent}.elementor-widget-text-editor:not(.elementor-drop-cap-view-default) .elementor-drop-cap{margin-top:8px}.elementor-widget-text-editor:not(.elementor-drop-cap-view-default) .elementor-drop-cap-letter{width:1em;height:1em}.elementor-widget-text-editor .elementor-drop-cap{float:left;text-align:center;line-height:1;font-size:50px}.elementor-widget-text-editor .elementor-drop-cap-letter{display:inline-block}<\/style>\t\t\t\t<p>Ingeniero Comercial de la USACH, Ingeniero Agroindustrial de la UTEM, Diplomado en Gesti\u00f3n Ambiental de la U. de Chile, Mag\u00edster en Gesti\u00f3n y Direcci\u00f3n de Empresas (MBA) de la U. de Chile, Master en Ingenier\u00eda y Gesti\u00f3n Ambiental en la U. Polit\u00e9cnica de Catalu\u00f1a y Doctor \u00a9 en Administraci\u00f3n y Direcci\u00f3n de Empresas (DEA, con especializaci\u00f3n en RSE y Sostenibilidad) en la U. Polit\u00e9cnica de Catalu\u00f1a.<\/p><p>Cuenta con m\u00e1s de 25 a\u00f1os de experiencia profesional, en las \u00e1reas de Pol\u00edticas P\u00fablicas, Desarrollo Sostenible, Gesti\u00f3n y Econom\u00eda Ambiental, Responsabilidad Social Empresarial, Planificaci\u00f3n Estrat\u00e9gica, Innovaci\u00f3n y Educaci\u00f3n; asimismo, suma m\u00e1s de 20 a\u00f1os en la pr\u00e1ctica docente tanto en pre y postgrado en diversas universidades. En su trayectoria profesional, se ha desempe\u00f1ado como consultor en Estrategias de Innovaci\u00f3n Ambiental entre otros, fue asesor del Ministerio de Educaci\u00f3n, experto senior en Producci\u00f3n Limpia en Consejo de Producci\u00f3n Limpia, Coordinador T\u00e9cnico del Instituto Interamericano de Cooperaci\u00f3n para la Agricultura (IICA) de su sede en Chile, Jefe del Subdepartamento de Gesti\u00f3n Ambiental Local y Coordinador de Programas de la Comisi\u00f3n Nacional del Medio Ambiente (CONAMA).<\/p>\t\t\t\t\t\t<\/div>\n\t\t\t\t<\/div>\n\t\t\t\t<div class=\"elementor-element elementor-element-b5a38ef elementor-widget elementor-widget-spacer\" data-id=\"b5a38ef\" data-element_type=\"widget\" data-widget_type=\"spacer.default\">\n\t\t\t\t<div class=\"elementor-widget-container\">\n\t\t\t<style>\/*! elementor - v3.14.0 - 26-06-2023 *\/\n.elementor-column .elementor-spacer-inner{height:var(--spacer-size)}.e-con{--container-widget-width:100%}.e-con-inner>.elementor-widget-spacer,.e-con>.elementor-widget-spacer{width:var(--container-widget-width,var(--spacer-size));--align-self:var(--container-widget-align-self,initial);--flex-shrink:0}.e-con-inner>.elementor-widget-spacer>.elementor-widget-container,.e-con-inner>.elementor-widget-spacer>.elementor-widget-container>.elementor-spacer,.e-con>.elementor-widget-spacer>.elementor-widget-container,.e-con>.elementor-widget-spacer>.elementor-widget-container>.elementor-spacer{height:100%}.e-con-inner>.elementor-widget-spacer>.elementor-widget-container>.elementor-spacer>.elementor-spacer-inner,.e-con>.elementor-widget-spacer>.elementor-widget-container>.elementor-spacer>.elementor-spacer-inner{height:var(--container-widget-height,var(--spacer-size))}<\/style>\t\t<div class=\"elementor-spacer\">\n\t\t\t<div class=\"elementor-spacer-inner\"><\/div>\n\t\t<\/div>\n\t\t\t\t<\/div>\n\t\t\t\t<\/div>\n\t\t\t\t\t<\/div>\n\t\t<\/div>\n\t\t\t\t\t\t\t<\/div>\n\t\t<\/section>\n\t\t\t\t\t<\/div>\n\t\t<\/div>\n\t\t\t\t\t\t\t<\/div>\n\t\t<\/section>\n\t\t\t\t\t\t\t<\/div>\n\t\t","protected":false},"excerpt":{"rendered":"<p>QUIENES SOMOS Director Mauricio Castro Jara Ingeniero Comercial de la USACH, Ingeniero Agroindustrial de la UTEM, Diplomado en Gesti\u00f3n Ambiental de la U. de Chile, Mag\u00edster en Gesti\u00f3n y Direcci\u00f3n de Empresas (MBA) de la U. de Chile, Master en Ingenier\u00eda y Gesti\u00f3n Ambiental en la U. Polit\u00e9cnica de Catalu\u00f1a y Doctor \u00a9 en Administraci\u00f3n [&hellip;]<\/p>\n","protected":false},"author":1,"featured_media":0,"parent":0,"menu_order":0,"comment_status":"closed","ping_status":"closed","template":"","meta":{"site-sidebar-layout":"no-sidebar","site-content-layout":"page-builder","ast-site-content-layout":"","site-content-style":"default","site-sidebar-style":"default","ast-global-header-display":"","ast-banner-title-visibility":"","ast-main-header-display":"","ast-hfb-above-header-display":"","ast-hfb-below-header-display":"","ast-hfb-mobile-header-display":"","site-post-title":"disabled","ast-breadcrumbs-content":"","ast-featured-img":"disabled","footer-sml-layout":"","theme-transparent-header-meta":"","adv-header-id-meta":"","stick-header-meta":"","header-above-stick-meta":"","header-main-stick-meta":"","header-below-stick-meta":"","astra-migrate-meta-layouts":"default","ast-page-background-enabled":"default","ast-page-background-meta":{"desktop":{"background-color":"var(--ast-global-color-4)","background-image":"","background-repeat":"repeat","background-position":"center center","background-size":"auto","background-attachment":"scroll","background-type":"","background-media":"","overlay-type":"","overlay-color":"","overlay-opacity":"","overlay-gradient":""},"tablet":{"background-color":"","background-image":"","background-repeat":"repeat","background-position":"center center","background-size":"auto","background-attachment":"scroll","background-type":"","background-media":"","overlay-type":"","overlay-color":"","overlay-opacity":"","overlay-gradient":""},"mobile":{"background-color":"","background-image":"","background-repeat":"repeat","background-position":"center center","background-size":"auto","background-attachment":"scroll","background-type":"","background-media":"","overlay-type":"","overlay-color":"","overlay-opacity":"","overlay-gradient":""}},"ast-content-background-meta":{"desktop":{"background-color":"var(--ast-global-color-5)","background-image":"","background-repeat":"repeat","background-position":"center center","background-size":"auto","background-attachment":"scroll","background-type":"","background-media":"","overlay-type":"","overlay-color":"","overlay-opacity":"","overlay-gradient":""},"tablet":{"background-color":"var(--ast-global-color-5)","background-image":"","background-repeat":"repeat","background-position":"center center","background-size":"auto","background-attachment":"scroll","background-type":"","background-media":"","overlay-type":"","overlay-color":"","overlay-opacity":"","overlay-gradient":""},"mobile":{"background-color":"var(--ast-global-color-5)","background-image":"","background-repeat":"repeat","background-position":"center center","background-size":"auto","background-attachment":"scroll","background-type":"","background-media":"","overlay-type":"","overlay-color":"","overlay-opacity":"","overlay-gradient":""}},"footnotes":""},"class_list":["post-58","page","type-page","status-publish","hentry"],"yoast_head":"<!-- This site is optimized with the Yoast SEO plugin v20.12 - https:\/\/yoast.com\/wordpress\/plugins\/seo\/ -->\n<title>quienes somos_director -<\/title>\n<meta name=\"robots\" content=\"index, follow, max-snippet:-1, max-image-preview:large, max-video-preview:-1\" \/>\n<link rel=\"canonical\" href=\"https:\/\/gestionsostenible.cl\/index.php\/quienes-somos_director\/\" \/>\n<meta property=\"og:locale\" content=\"es_ES\" \/>\n<meta property=\"og:type\" content=\"article\" \/>\n<meta property=\"og:title\" content=\"quienes somos_director -\" \/>\n<meta property=\"og:description\" content=\"QUIENES SOMOS Director Mauricio Castro Jara Ingeniero Comercial de la USACH, Ingeniero Agroindustrial de la UTEM, Diplomado en Gesti\u00f3n Ambiental de la U. de Chile, Mag\u00edster en Gesti\u00f3n y Direcci\u00f3n de Empresas (MBA) de la U. de Chile, Master en Ingenier\u00eda y Gesti\u00f3n Ambiental en la U. Polit\u00e9cnica de Catalu\u00f1a y Doctor \u00a9 en Administraci\u00f3n [&hellip;]\" \/>\n<meta property=\"og:url\" content=\"https:\/\/gestionsostenible.cl\/index.php\/quienes-somos_director\/\" \/>\n<meta property=\"article:publisher\" content=\"https:\/\/www.facebook.com\/Sosteniblelab\/\" \/>\n<meta property=\"article:modified_time\" content=\"2023-07-28T20:46:48+00:00\" \/>\n<meta property=\"og:image\" content=\"https:\/\/gestionsostenible.cl\/wp-content\/uploads\/2023\/07\/IMG_1115-min-1024x1024.png\" \/>\n<meta name=\"twitter:card\" content=\"summary_large_image\" \/>\n<meta name=\"twitter:label1\" content=\"Tiempo de lectura\" \/>\n\t<meta name=\"twitter:data1\" content=\"2 minutos\" \/>\n<script type=\"application\/ld+json\" class=\"yoast-schema-graph\">{\"@context\":\"https:\/\/schema.org\",\"@graph\":[{\"@type\":\"WebPage\",\"@id\":\"https:\/\/gestionsostenible.cl\/index.php\/quienes-somos_director\/\",\"url\":\"https:\/\/gestionsostenible.cl\/index.php\/quienes-somos_director\/\",\"name\":\"quienes somos_director -\",\"isPartOf\":{\"@id\":\"https:\/\/gestionsostenible.cl\/#website\"},\"datePublished\":\"2023-06-29T17:11:03+00:00\",\"dateModified\":\"2023-07-28T20:46:48+00:00\",\"breadcrumb\":{\"@id\":\"https:\/\/gestionsostenible.cl\/index.php\/quienes-somos_director\/#breadcrumb\"},\"inLanguage\":\"es\",\"potentialAction\":[{\"@type\":\"ReadAction\",\"target\":[\"https:\/\/gestionsostenible.cl\/index.php\/quienes-somos_director\/\"]}]},{\"@type\":\"BreadcrumbList\",\"@id\":\"https:\/\/gestionsostenible.cl\/index.php\/quienes-somos_director\/#breadcrumb\",\"itemListElement\":[{\"@type\":\"ListItem\",\"position\":1,\"name\":\"Portada\",\"item\":\"https:\/\/gestionsostenible.cl\/\"},{\"@type\":\"ListItem\",\"position\":2,\"name\":\"quienes somos_director\"}]},{\"@type\":\"WebSite\",\"@id\":\"https:\/\/gestionsostenible.cl\/#website\",\"url\":\"https:\/\/gestionsostenible.cl\/\",\"name\":\"Gesti\u00f3n Sostenible\",\"description\":\"Grupo de Ingenieros con experiencia en el mundo P\u00fablico, Industrial, Ambiental y de la Innovaci\u00f3n.\",\"publisher\":{\"@id\":\"https:\/\/gestionsostenible.cl\/#organization\"},\"potentialAction\":[{\"@type\":\"SearchAction\",\"target\":{\"@type\":\"EntryPoint\",\"urlTemplate\":\"https:\/\/gestionsostenible.cl\/?s={search_term_string}\"},\"query-input\":\"required name=search_term_string\"}],\"inLanguage\":\"es\"},{\"@type\":\"Organization\",\"@id\":\"https:\/\/gestionsostenible.cl\/#organization\",\"name\":\"Estrategias de Innovaci\u00f3n Ambiental y Social\",\"url\":\"https:\/\/gestionsostenible.cl\/\",\"logo\":{\"@type\":\"ImageObject\",\"inLanguage\":\"es\",\"@id\":\"https:\/\/gestionsostenible.cl\/#\/schema\/logo\/image\/\",\"url\":\"https:\/\/gestionsostenible.cl\/wp-content\/uploads\/2023\/06\/cropped-logo-01-1.png\",\"contentUrl\":\"https:\/\/gestionsostenible.cl\/wp-content\/uploads\/2023\/06\/cropped-logo-01-1.png\",\"width\":3999,\"height\":1255,\"caption\":\"Estrategias de Innovaci\u00f3n Ambiental y Social\"},\"image\":{\"@id\":\"https:\/\/gestionsostenible.cl\/#\/schema\/logo\/image\/\"},\"sameAs\":[\"https:\/\/www.facebook.com\/Sosteniblelab\/\",\"http:\/\/comunidadymedioambiente.blogspot.com\/\"]}]}<\/script>\n<!-- \/ Yoast SEO plugin. -->","yoast_head_json":{"title":"quienes somos_director -","robots":{"index":"index","follow":"follow","max-snippet":"max-snippet:-1","max-image-preview":"max-image-preview:large","max-video-preview":"max-video-preview:-1"},"canonical":"https:\/\/gestionsostenible.cl\/index.php\/quienes-somos_director\/","og_locale":"es_ES","og_type":"article","og_title":"quienes somos_director -","og_description":"QUIENES SOMOS Director Mauricio Castro Jara Ingeniero Comercial de la USACH, Ingeniero Agroindustrial de la UTEM, Diplomado en Gesti\u00f3n Ambiental de la U. de Chile, Mag\u00edster en Gesti\u00f3n y Direcci\u00f3n de Empresas (MBA) de la U. de Chile, Master en Ingenier\u00eda y Gesti\u00f3n Ambiental en la U. Polit\u00e9cnica de Catalu\u00f1a y Doctor \u00a9 en Administraci\u00f3n [&hellip;]","og_url":"https:\/\/gestionsostenible.cl\/index.php\/quienes-somos_director\/","article_publisher":"https:\/\/www.facebook.com\/Sosteniblelab\/","article_modified_time":"2023-07-28T20:46:48+00:00","og_image":[{"url":"https:\/\/gestionsostenible.cl\/wp-content\/uploads\/2023\/07\/IMG_1115-min-1024x1024.png"}],"twitter_card":"summary_large_image","twitter_misc":{"Tiempo de lectura":"2 minutos"},"schema":{"@context":"https:\/\/schema.org","@graph":[{"@type":"WebPage","@id":"https:\/\/gestionsostenible.cl\/index.php\/quienes-somos_director\/","url":"https:\/\/gestionsostenible.cl\/index.php\/quienes-somos_director\/","name":"quienes somos_director -","isPartOf":{"@id":"https:\/\/gestionsostenible.cl\/#website"},"datePublished":"2023-06-29T17:11:03+00:00","dateModified":"2023-07-28T20:46:48+00:00","breadcrumb":{"@id":"https:\/\/gestionsostenible.cl\/index.php\/quienes-somos_director\/#breadcrumb"},"inLanguage":"es","potentialAction":[{"@type":"ReadAction","target":["https:\/\/gestionsostenible.cl\/index.php\/quienes-somos_director\/"]}]},{"@type":"BreadcrumbList","@id":"https:\/\/gestionsostenible.cl\/index.php\/quienes-somos_director\/#breadcrumb","itemListElement":[{"@type":"ListItem","position":1,"name":"Portada","item":"https:\/\/gestionsostenible.cl\/"},{"@type":"ListItem","position":2,"name":"quienes somos_director"}]},{"@type":"WebSite","@id":"https:\/\/gestionsostenible.cl\/#website","url":"https:\/\/gestionsostenible.cl\/","name":"Gesti\u00f3n Sostenible","description":"Grupo de Ingenieros con experiencia en el mundo P\u00fablico, Industrial, Ambiental y de la Innovaci\u00f3n.","publisher":{"@id":"https:\/\/gestionsostenible.cl\/#organization"},"potentialAction":[{"@type":"SearchAction","target":{"@type":"EntryPoint","urlTemplate":"https:\/\/gestionsostenible.cl\/?s={search_term_string}"},"query-input":"required name=search_term_string"}],"inLanguage":"es"},{"@type":"Organization","@id":"https:\/\/gestionsostenible.cl\/#organization","name":"Estrategias de Innovaci\u00f3n Ambiental y Social","url":"https:\/\/gestionsostenible.cl\/","logo":{"@type":"ImageObject","inLanguage":"es","@id":"https:\/\/gestionsostenible.cl\/#\/schema\/logo\/image\/","url":"https:\/\/gestionsostenible.cl\/wp-content\/uploads\/2023\/06\/cropped-logo-01-1.png","contentUrl":"https:\/\/gestionsostenible.cl\/wp-content\/uploads\/2023\/06\/cropped-logo-01-1.png","width":3999,"height":1255,"caption":"Estrategias de Innovaci\u00f3n Ambiental y Social"},"image":{"@id":"https:\/\/gestionsostenible.cl\/#\/schema\/logo\/image\/"},"sameAs":["https:\/\/www.facebook.com\/Sosteniblelab\/","http:\/\/comunidadymedioambiente.blogspot.com\/"]}]}},"_links":{"self":[{"href":"https:\/\/gestionsostenible.cl\/index.php\/wp-json\/wp\/v2\/pages\/58","targetHints":{"allow":["GET"]}}],"collection":[{"href":"https:\/\/gestionsostenible.cl\/index.php\/wp-json\/wp\/v2\/pages"}],"about":[{"href":"https:\/\/gestionsostenible.cl\/index.php\/wp-json\/wp\/v2\/types\/page"}],"author":[{"embeddable":true,"href":"https:\/\/gestionsostenible.cl\/index.php\/wp-json\/wp\/v2\/users\/1"}],"replies":[{"embeddable":true,"href":"https:\/\/gestionsostenible.cl\/index.php\/wp-json\/wp\/v2\/comments?post=58"}],"version-history":[{"count":28,"href":"https:\/\/gestionsostenible.cl\/index.php\/wp-json\/wp\/v2\/pages\/58\/revisions"}],"predecessor-version":[{"id":1127,"href":"https:\/\/gestionsostenible.cl\/index.php\/wp-json\/wp\/v2\/pages\/58\/revisions\/1127"}],"wp:attachment":[{"href":"https:\/\/gestionsostenible.cl\/index.php\/wp-json\/wp\/v2\/media?parent=58"}],"curies":[{"name":"wp","href":"https:\/\/api.w.org\/{rel}","templated":true}]}}