{"id":54,"date":"2023-06-29T17:10:13","date_gmt":"2023-06-29T17:10:13","guid":{"rendered":"https:\/\/gestionsostenible.cl\/?page_id=54"},"modified":"2023-06-30T14:49:40","modified_gmt":"2023-06-30T14:49:40","slug":"empresa_drscripcion","status":"publish","type":"page","link":"https:\/\/gestionsostenible.cl\/index.php\/empresa_drscripcion\/","title":{"rendered":"Empresa_drscripci\u00f3n"},"content":{"rendered":"\t\t<div data-elementor-type=\"wp-page\" data-elementor-id=\"54\" class=\"elementor elementor-54\">\n\t\t\t\t\t\t\t\t\t<section class=\"elementor-section elementor-top-section elementor-element elementor-element-ddfd4b4 elementor-section-full_width elementor-section-height-default elementor-section-height-default\" data-id=\"ddfd4b4\" data-element_type=\"section\">\n\t\t\t\t\t\t<div class=\"elementor-container elementor-column-gap-default\">\n\t\t\t\t\t<div class=\"elementor-column elementor-col-100 elementor-top-column elementor-element elementor-element-72c8871\" data-id=\"72c8871\" data-element_type=\"column\">\n\t\t\t<div class=\"elementor-widget-wrap elementor-element-populated\">\n\t\t\t\t\t\t\t\t<section class=\"elementor-section elementor-inner-section elementor-element elementor-element-dc40057 elementor-section-boxed elementor-section-height-default elementor-section-height-default\" data-id=\"dc40057\" data-element_type=\"section\" data-settings=\"{&quot;background_background&quot;:&quot;classic&quot;}\">\n\t\t\t\t\t\t<div class=\"elementor-container elementor-column-gap-default\">\n\t\t\t\t\t<div class=\"elementor-column elementor-col-100 elementor-inner-column elementor-element elementor-element-41a993e animated-fast elementor-invisible\" data-id=\"41a993e\" data-element_type=\"column\" data-settings=\"{&quot;animation&quot;:&quot;zoomIn&quot;}\">\n\t\t\t<div class=\"elementor-widget-wrap elementor-element-populated\">\n\t\t\t\t\t\t\t\t<div class=\"elementor-element elementor-element-7b847ff elementor-widget elementor-widget-heading\" data-id=\"7b847ff\" data-element_type=\"widget\" data-widget_type=\"heading.default\">\n\t\t\t\t<div class=\"elementor-widget-container\">\n\t\t\t<style>\/*! elementor - v3.14.0 - 26-06-2023 *\/\n.elementor-heading-title{padding:0;margin:0;line-height:1}.elementor-widget-heading .elementor-heading-title[class*=elementor-size-]>a{color:inherit;font-size:inherit;line-height:inherit}.elementor-widget-heading .elementor-heading-title.elementor-size-small{font-size:15px}.elementor-widget-heading .elementor-heading-title.elementor-size-medium{font-size:19px}.elementor-widget-heading .elementor-heading-title.elementor-size-large{font-size:29px}.elementor-widget-heading .elementor-heading-title.elementor-size-xl{font-size:39px}.elementor-widget-heading .elementor-heading-title.elementor-size-xxl{font-size:59px}<\/style><h2 class=\"elementor-heading-title elementor-size-default\">EMPRESA<\/h2>\t\t<\/div>\n\t\t\t\t<\/div>\n\t\t\t\t\t<\/div>\n\t\t<\/div>\n\t\t\t\t\t\t\t<\/div>\n\t\t<\/section>\n\t\t\t\t<section class=\"elementor-section elementor-inner-section elementor-element elementor-element-262b0e2 elementor-section-boxed elementor-section-height-default elementor-section-height-default\" data-id=\"262b0e2\" data-element_type=\"section\">\n\t\t\t\t\t\t<div class=\"elementor-container elementor-column-gap-default\">\n\t\t\t\t\t<div class=\"elementor-column elementor-col-100 elementor-inner-column elementor-element elementor-element-0ec67e2 animated-fast elementor-invisible\" data-id=\"0ec67e2\" data-element_type=\"column\" data-settings=\"{&quot;animation&quot;:&quot;zoomIn&quot;}\">\n\t\t\t<div class=\"elementor-widget-wrap elementor-element-populated\">\n\t\t\t\t\t\t\t\t<div class=\"elementor-element elementor-element-6460993 elementor-widget elementor-widget-heading\" data-id=\"6460993\" data-element_type=\"widget\" data-widget_type=\"heading.default\">\n\t\t\t\t<div class=\"elementor-widget-container\">\n\t\t\t<h2 class=\"elementor-heading-title elementor-size-default\">Descripci\u00f3n<\/h2>\t\t<\/div>\n\t\t\t\t<\/div>\n\t\t\t\t\t<\/div>\n\t\t<\/div>\n\t\t\t\t\t\t\t<\/div>\n\t\t<\/section>\n\t\t\t\t<section class=\"elementor-section elementor-inner-section elementor-element elementor-element-2802220 animated-fast elementor-section-boxed elementor-section-height-default elementor-section-height-default elementor-invisible\" data-id=\"2802220\" data-element_type=\"section\" data-settings=\"{&quot;animation&quot;:&quot;bounceIn&quot;}\">\n\t\t\t\t\t\t<div class=\"elementor-container elementor-column-gap-default\">\n\t\t\t\t\t<div class=\"elementor-column elementor-col-100 elementor-inner-column elementor-element elementor-element-42675aa\" data-id=\"42675aa\" data-element_type=\"column\">\n\t\t\t<div class=\"elementor-widget-wrap elementor-element-populated\">\n\t\t\t\t\t\t\t\t<div class=\"elementor-element elementor-element-c85b736 elementor-widget elementor-widget-text-editor\" data-id=\"c85b736\" data-element_type=\"widget\" data-widget_type=\"text-editor.default\">\n\t\t\t\t<div class=\"elementor-widget-container\">\n\t\t\t<style>\/*! elementor - v3.14.0 - 26-06-2023 *\/\n.elementor-widget-text-editor.elementor-drop-cap-view-stacked .elementor-drop-cap{background-color:#69727d;color:#fff}.elementor-widget-text-editor.elementor-drop-cap-view-framed .elementor-drop-cap{color:#69727d;border:3px solid;background-color:transparent}.elementor-widget-text-editor:not(.elementor-drop-cap-view-default) .elementor-drop-cap{margin-top:8px}.elementor-widget-text-editor:not(.elementor-drop-cap-view-default) .elementor-drop-cap-letter{width:1em;height:1em}.elementor-widget-text-editor .elementor-drop-cap{float:left;text-align:center;line-height:1;font-size:50px}.elementor-widget-text-editor .elementor-drop-cap-letter{display:inline-block}<\/style>\t\t\t\t<p>Un grupo de Ingenieros con experiencia en el mundo P\u00fablico, Industrial, Ambiental y de la Innovaci\u00f3n, decidimos en el 2013 de constituir la Consultora Gesti\u00f3n Sostenible, con el objeto de contribuir al desarrollo econ\u00f3mico, social y ambiental del pa\u00eds.<\/p><p>Nuestra organizaci\u00f3n busca aportar en el desarrollo sostenible de Chile, a trav\u00e9s de la implementaci\u00f3n de instrumentos y herramientas de Gesti\u00f3n Sostenible, que van desde el diagnostico y la auditor\u00eda, pasando por una estrategia integral de sostenibilidad, hasta la implementaci\u00f3n de programas y acciones sostenibles en las organizaciones.<\/p>\t\t\t\t\t\t<\/div>\n\t\t\t\t<\/div>\n\t\t\t\t\t<\/div>\n\t\t<\/div>\n\t\t\t\t\t\t\t<\/div>\n\t\t<\/section>\n\t\t\t\t<section class=\"elementor-section elementor-inner-section elementor-element elementor-element-2b72747 elementor-section-boxed elementor-section-height-default elementor-section-height-default\" data-id=\"2b72747\" data-element_type=\"section\">\n\t\t\t\t\t\t<div class=\"elementor-container elementor-column-gap-default\">\n\t\t\t\t\t<div class=\"elementor-column elementor-col-33 elementor-inner-column elementor-element elementor-element-05aecb1\" data-id=\"05aecb1\" data-element_type=\"column\">\n\t\t\t<div class=\"elementor-widget-wrap elementor-element-populated\">\n\t\t\t\t\t\t\t\t<div class=\"elementor-element elementor-element-1743dec animated-fast elementor-invisible elementor-widget elementor-widget-image\" data-id=\"1743dec\" data-element_type=\"widget\" data-settings=\"{&quot;_animation&quot;:&quot;zoomIn&quot;}\" data-widget_type=\"image.default\">\n\t\t\t\t<div class=\"elementor-widget-container\">\n\t\t\t<style>\/*! elementor - v3.14.0 - 26-06-2023 *\/\n.elementor-widget-image{text-align:center}.elementor-widget-image a{display:inline-block}.elementor-widget-image a img[src$=\".svg\"]{width:48px}.elementor-widget-image img{vertical-align:middle;display:inline-block}<\/style>\t\t\t\t\t\t\t\t\t\t\t\t<img loading=\"lazy\" decoding=\"async\" width=\"180\" height=\"180\" src=\"https:\/\/gestionsostenible.cl\/wp-content\/uploads\/2023\/06\/ico_vision.png\" class=\"attachment-large size-large wp-image-112\" alt=\"\" srcset=\"https:\/\/gestionsostenible.cl\/wp-content\/uploads\/2023\/06\/ico_vision.png 180w, https:\/\/gestionsostenible.cl\/wp-content\/uploads\/2023\/06\/ico_vision-150x150.png 150w\" sizes=\"auto, (max-width: 180px) 100vw, 180px\" \/>\t\t\t\t\t\t\t\t\t\t\t\t\t\t\t<\/div>\n\t\t\t\t<\/div>\n\t\t\t\t<div class=\"elementor-element elementor-element-3eb220f animated-fast elementor-invisible elementor-widget elementor-widget-heading\" data-id=\"3eb220f\" data-element_type=\"widget\" data-settings=\"{&quot;_animation&quot;:&quot;bounceIn&quot;}\" data-widget_type=\"heading.default\">\n\t\t\t\t<div class=\"elementor-widget-container\">\n\t\t\t<h2 class=\"elementor-heading-title elementor-size-default\">Visi\u00f3n<\/h2>\t\t<\/div>\n\t\t\t\t<\/div>\n\t\t\t\t<div class=\"elementor-element elementor-element-f868e86 animated-fast elementor-invisible elementor-widget elementor-widget-text-editor\" data-id=\"f868e86\" data-element_type=\"widget\" data-settings=\"{&quot;_animation&quot;:&quot;bounceInLeft&quot;}\" data-widget_type=\"text-editor.default\">\n\t\t\t\t<div class=\"elementor-widget-container\">\n\t\t\t\t\t\t\t<p>Ser una instituci\u00f3n l\u00edder y referente en materia de Sostenibilidad de las organizaciones, en la instalaci\u00f3n de una gesti\u00f3n socialmente y ambientalmente responsable de las empresas, en el dise\u00f1o y promoci\u00f3n de pol\u00edticas p\u00fablicas, en la formaci\u00f3n de competencias y en el desarrollo de investigaci\u00f3n.<\/p>\t\t\t\t\t\t<\/div>\n\t\t\t\t<\/div>\n\t\t\t\t\t<\/div>\n\t\t<\/div>\n\t\t\t\t<div class=\"elementor-column elementor-col-33 elementor-inner-column elementor-element elementor-element-cd7f318 animated-fast elementor-invisible\" data-id=\"cd7f318\" data-element_type=\"column\" data-settings=\"{&quot;animation&quot;:&quot;zoomIn&quot;}\">\n\t\t\t<div class=\"elementor-widget-wrap elementor-element-populated\">\n\t\t\t\t\t\t\t\t<div class=\"elementor-element elementor-element-4d55541 elementor-widget elementor-widget-image\" data-id=\"4d55541\" data-element_type=\"widget\" data-widget_type=\"image.default\">\n\t\t\t\t<div class=\"elementor-widget-container\">\n\t\t\t\t\t\t\t\t\t\t\t\t\t\t\t<img loading=\"lazy\" decoding=\"async\" width=\"180\" height=\"180\" src=\"https:\/\/gestionsostenible.cl\/wp-content\/uploads\/2023\/06\/ico_mision.png\" class=\"attachment-large size-large wp-image-113\" alt=\"\" srcset=\"https:\/\/gestionsostenible.cl\/wp-content\/uploads\/2023\/06\/ico_mision.png 180w, https:\/\/gestionsostenible.cl\/wp-content\/uploads\/2023\/06\/ico_mision-150x150.png 150w\" sizes=\"auto, (max-width: 180px) 100vw, 180px\" \/>\t\t\t\t\t\t\t\t\t\t\t\t\t\t\t<\/div>\n\t\t\t\t<\/div>\n\t\t\t\t<div class=\"elementor-element elementor-element-043514b animated-fast elementor-invisible elementor-widget elementor-widget-heading\" data-id=\"043514b\" data-element_type=\"widget\" data-settings=\"{&quot;_animation&quot;:&quot;bounceIn&quot;}\" data-widget_type=\"heading.default\">\n\t\t\t\t<div class=\"elementor-widget-container\">\n\t\t\t<h2 class=\"elementor-heading-title elementor-size-default\">Misi\u00f3n<\/h2>\t\t<\/div>\n\t\t\t\t<\/div>\n\t\t\t\t<div class=\"elementor-element elementor-element-72f2263 animated-fast elementor-invisible elementor-widget elementor-widget-text-editor\" data-id=\"72f2263\" data-element_type=\"widget\" data-settings=\"{&quot;_animation&quot;:&quot;bounceIn&quot;}\" data-widget_type=\"text-editor.default\">\n\t\t\t\t<div class=\"elementor-widget-container\">\n\t\t\t\t\t\t\t<p>Desarrollar e implementar herramientas de Gesti\u00f3n que permitan incorporar la Sostenibilidad en la gesti\u00f3n de empresas y organizaciones, para mejorar su competitividad y sostenibilidad, respondiendo a las expectativas de sus grupos de inter\u00e9s o Stakeholders.<\/p>\t\t\t\t\t\t<\/div>\n\t\t\t\t<\/div>\n\t\t\t\t\t<\/div>\n\t\t<\/div>\n\t\t\t\t<div class=\"elementor-column elementor-col-33 elementor-inner-column elementor-element elementor-element-cf09ab9\" data-id=\"cf09ab9\" data-element_type=\"column\">\n\t\t\t<div class=\"elementor-widget-wrap elementor-element-populated\">\n\t\t\t\t\t\t\t\t<div class=\"elementor-element elementor-element-ab53f43 animated-fast elementor-invisible elementor-widget elementor-widget-image\" data-id=\"ab53f43\" data-element_type=\"widget\" data-settings=\"{&quot;_animation&quot;:&quot;zoomIn&quot;}\" data-widget_type=\"image.default\">\n\t\t\t\t<div class=\"elementor-widget-container\">\n\t\t\t\t\t\t\t\t\t\t\t\t\t\t\t<img loading=\"lazy\" decoding=\"async\" width=\"180\" height=\"180\" src=\"https:\/\/gestionsostenible.cl\/wp-content\/uploads\/2023\/06\/ico_valores.png\" class=\"attachment-large size-large wp-image-114\" alt=\"\" srcset=\"https:\/\/gestionsostenible.cl\/wp-content\/uploads\/2023\/06\/ico_valores.png 180w, https:\/\/gestionsostenible.cl\/wp-content\/uploads\/2023\/06\/ico_valores-150x150.png 150w\" sizes=\"auto, (max-width: 180px) 100vw, 180px\" \/>\t\t\t\t\t\t\t\t\t\t\t\t\t\t\t<\/div>\n\t\t\t\t<\/div>\n\t\t\t\t<div class=\"elementor-element elementor-element-c3a93d9 animated-fast elementor-invisible elementor-widget elementor-widget-heading\" data-id=\"c3a93d9\" data-element_type=\"widget\" data-settings=\"{&quot;_animation&quot;:&quot;bounceIn&quot;}\" data-widget_type=\"heading.default\">\n\t\t\t\t<div class=\"elementor-widget-container\">\n\t\t\t<h2 class=\"elementor-heading-title elementor-size-default\">Valores<\/h2>\t\t<\/div>\n\t\t\t\t<\/div>\n\t\t\t\t<div class=\"elementor-element elementor-element-4fdf399 animated-fast elementor-invisible elementor-widget elementor-widget-text-editor\" data-id=\"4fdf399\" data-element_type=\"widget\" data-settings=\"{&quot;_animation&quot;:&quot;bounceInRight&quot;}\" data-widget_type=\"text-editor.default\">\n\t\t\t\t<div class=\"elementor-widget-container\">\n\t\t\t\t\t\t\t<ul><li>Excelencia y mejoramiento continuo.<\/li><li>Transparencia y Comportamiento \u00c9tico.<\/li><li>Responsabilidad ambiental y con los recursos naturales.<\/li><li>Cooperaci\u00f3n y di\u00e1logo con grupos de inter\u00e9s.<\/li><li>Tolerancia, respeto y coherencia.<\/li><\/ul>\t\t\t\t\t\t<\/div>\n\t\t\t\t<\/div>\n\t\t\t\t\t<\/div>\n\t\t<\/div>\n\t\t\t\t\t\t\t<\/div>\n\t\t<\/section>\n\t\t\t\t\t<\/div>\n\t\t<\/div>\n\t\t\t\t\t\t\t<\/div>\n\t\t<\/section>\n\t\t\t\t\t\t\t<\/div>\n\t\t","protected":false},"excerpt":{"rendered":"<p>EMPRESA Descripci\u00f3n Un grupo de Ingenieros con experiencia en el mundo P\u00fablico, Industrial, Ambiental y de la Innovaci\u00f3n, decidimos en el 2013 de constituir la Consultora Gesti\u00f3n Sostenible, con el objeto de contribuir al desarrollo econ\u00f3mico, social y ambiental del pa\u00eds. Nuestra organizaci\u00f3n busca aportar en el desarrollo sostenible de Chile, a trav\u00e9s de la [&hellip;]<\/p>\n","protected":false},"author":1,"featured_media":0,"parent":0,"menu_order":0,"comment_status":"closed","ping_status":"closed","template":"","meta":{"site-sidebar-layout":"no-sidebar","site-content-layout":"page-builder","ast-site-content-layout":"","site-content-style":"default","site-sidebar-style":"default","ast-global-header-display":"","ast-banner-title-visibility":"","ast-main-header-display":"","ast-hfb-above-header-display":"","ast-hfb-below-header-display":"","ast-hfb-mobile-header-display":"","site-post-title":"disabled","ast-breadcrumbs-content":"","ast-featured-img":"disabled","footer-sml-layout":"","theme-transparent-header-meta":"","adv-header-id-meta":"","stick-header-meta":"","header-above-stick-meta":"","header-main-stick-meta":"","header-below-stick-meta":"","astra-migrate-meta-layouts":"default","ast-page-background-enabled":"default","ast-page-background-meta":{"desktop":{"background-color":"var(--ast-global-color-4)","background-image":"","background-repeat":"repeat","background-position":"center center","background-size":"auto","background-attachment":"scroll","background-type":"","background-media":"","overlay-type":"","overlay-color":"","overlay-opacity":"","overlay-gradient":""},"tablet":{"background-color":"","background-image":"","background-repeat":"repeat","background-position":"center center","background-size":"auto","background-attachment":"scroll","background-type":"","background-media":"","overlay-type":"","overlay-color":"","overlay-opacity":"","overlay-gradient":""},"mobile":{"background-color":"","background-image":"","background-repeat":"repeat","background-position":"center center","background-size":"auto","background-attachment":"scroll","background-type":"","background-media":"","overlay-type":"","overlay-color":"","overlay-opacity":"","overlay-gradient":""}},"ast-content-background-meta":{"desktop":{"background-color":"var(--ast-global-color-5)","background-image":"","background-repeat":"repeat","background-position":"center center","background-size":"auto","background-attachment":"scroll","background-type":"","background-media":"","overlay-type":"","overlay-color":"","overlay-opacity":"","overlay-gradient":""},"tablet":{"background-color":"var(--ast-global-color-5)","background-image":"","background-repeat":"repeat","background-position":"center center","background-size":"auto","background-attachment":"scroll","background-type":"","background-media":"","overlay-type":"","overlay-color":"","overlay-opacity":"","overlay-gradient":""},"mobile":{"background-color":"var(--ast-global-color-5)","background-image":"","background-repeat":"repeat","background-position":"center center","background-size":"auto","background-attachment":"scroll","background-type":"","background-media":"","overlay-type":"","overlay-color":"","overlay-opacity":"","overlay-gradient":""}},"footnotes":""},"class_list":["post-54","page","type-page","status-publish","hentry"],"yoast_head":"<!-- This site is optimized with the Yoast SEO plugin v20.12 - https:\/\/yoast.com\/wordpress\/plugins\/seo\/ -->\n<title>Empresa_drscripci\u00f3n -<\/title>\n<meta name=\"robots\" content=\"index, follow, max-snippet:-1, max-image-preview:large, max-video-preview:-1\" \/>\n<link rel=\"canonical\" href=\"https:\/\/gestionsostenible.cl\/index.php\/empresa_drscripcion\/\" \/>\n<meta property=\"og:locale\" content=\"es_ES\" \/>\n<meta property=\"og:type\" content=\"article\" \/>\n<meta property=\"og:title\" content=\"Empresa_drscripci\u00f3n -\" \/>\n<meta property=\"og:description\" content=\"EMPRESA Descripci\u00f3n Un grupo de Ingenieros con experiencia en el mundo P\u00fablico, Industrial, Ambiental y de la Innovaci\u00f3n, decidimos en el 2013 de constituir la Consultora Gesti\u00f3n Sostenible, con el objeto de contribuir al desarrollo econ\u00f3mico, social y ambiental del pa\u00eds. Nuestra organizaci\u00f3n busca aportar en el desarrollo sostenible de Chile, a trav\u00e9s de la [&hellip;]\" \/>\n<meta property=\"og:url\" content=\"https:\/\/gestionsostenible.cl\/index.php\/empresa_drscripcion\/\" \/>\n<meta property=\"article:publisher\" content=\"https:\/\/www.facebook.com\/Sosteniblelab\/\" \/>\n<meta property=\"article:modified_time\" content=\"2023-06-30T14:49:40+00:00\" \/>\n<meta property=\"og:image\" content=\"https:\/\/gestionsostenible.cl\/wp-content\/uploads\/2023\/06\/ico_vision.png\" \/>\n<meta name=\"twitter:card\" content=\"summary_large_image\" \/>\n<meta name=\"twitter:label1\" content=\"Tiempo de lectura\" \/>\n\t<meta name=\"twitter:data1\" content=\"1 minuto\" \/>\n<script type=\"application\/ld+json\" class=\"yoast-schema-graph\">{\"@context\":\"https:\/\/schema.org\",\"@graph\":[{\"@type\":\"WebPage\",\"@id\":\"https:\/\/gestionsostenible.cl\/index.php\/empresa_drscripcion\/\",\"url\":\"https:\/\/gestionsostenible.cl\/index.php\/empresa_drscripcion\/\",\"name\":\"Empresa_drscripci\u00f3n -\",\"isPartOf\":{\"@id\":\"https:\/\/gestionsostenible.cl\/#website\"},\"datePublished\":\"2023-06-29T17:10:13+00:00\",\"dateModified\":\"2023-06-30T14:49:40+00:00\",\"breadcrumb\":{\"@id\":\"https:\/\/gestionsostenible.cl\/index.php\/empresa_drscripcion\/#breadcrumb\"},\"inLanguage\":\"es\",\"potentialAction\":[{\"@type\":\"ReadAction\",\"target\":[\"https:\/\/gestionsostenible.cl\/index.php\/empresa_drscripcion\/\"]}]},{\"@type\":\"BreadcrumbList\",\"@id\":\"https:\/\/gestionsostenible.cl\/index.php\/empresa_drscripcion\/#breadcrumb\",\"itemListElement\":[{\"@type\":\"ListItem\",\"position\":1,\"name\":\"Portada\",\"item\":\"https:\/\/gestionsostenible.cl\/\"},{\"@type\":\"ListItem\",\"position\":2,\"name\":\"Empresa_drscripci\u00f3n\"}]},{\"@type\":\"WebSite\",\"@id\":\"https:\/\/gestionsostenible.cl\/#website\",\"url\":\"https:\/\/gestionsostenible.cl\/\",\"name\":\"Gesti\u00f3n Sostenible\",\"description\":\"Grupo de Ingenieros con experiencia en el mundo P\u00fablico, Industrial, Ambiental y de la Innovaci\u00f3n.\",\"publisher\":{\"@id\":\"https:\/\/gestionsostenible.cl\/#organization\"},\"potentialAction\":[{\"@type\":\"SearchAction\",\"target\":{\"@type\":\"EntryPoint\",\"urlTemplate\":\"https:\/\/gestionsostenible.cl\/?s={search_term_string}\"},\"query-input\":\"required name=search_term_string\"}],\"inLanguage\":\"es\"},{\"@type\":\"Organization\",\"@id\":\"https:\/\/gestionsostenible.cl\/#organization\",\"name\":\"Estrategias de Innovaci\u00f3n Ambiental y Social\",\"url\":\"https:\/\/gestionsostenible.cl\/\",\"logo\":{\"@type\":\"ImageObject\",\"inLanguage\":\"es\",\"@id\":\"https:\/\/gestionsostenible.cl\/#\/schema\/logo\/image\/\",\"url\":\"https:\/\/gestionsostenible.cl\/wp-content\/uploads\/2023\/06\/cropped-logo-01-1.png\",\"contentUrl\":\"https:\/\/gestionsostenible.cl\/wp-content\/uploads\/2023\/06\/cropped-logo-01-1.png\",\"width\":3999,\"height\":1255,\"caption\":\"Estrategias de Innovaci\u00f3n Ambiental y Social\"},\"image\":{\"@id\":\"https:\/\/gestionsostenible.cl\/#\/schema\/logo\/image\/\"},\"sameAs\":[\"https:\/\/www.facebook.com\/Sosteniblelab\/\",\"http:\/\/comunidadymedioambiente.blogspot.com\/\"]}]}<\/script>\n<!-- \/ Yoast SEO plugin. -->","yoast_head_json":{"title":"Empresa_drscripci\u00f3n -","robots":{"index":"index","follow":"follow","max-snippet":"max-snippet:-1","max-image-preview":"max-image-preview:large","max-video-preview":"max-video-preview:-1"},"canonical":"https:\/\/gestionsostenible.cl\/index.php\/empresa_drscripcion\/","og_locale":"es_ES","og_type":"article","og_title":"Empresa_drscripci\u00f3n -","og_description":"EMPRESA Descripci\u00f3n Un grupo de Ingenieros con experiencia en el mundo P\u00fablico, Industrial, Ambiental y de la Innovaci\u00f3n, decidimos en el 2013 de constituir la Consultora Gesti\u00f3n Sostenible, con el objeto de contribuir al desarrollo econ\u00f3mico, social y ambiental del pa\u00eds. Nuestra organizaci\u00f3n busca aportar en el desarrollo sostenible de Chile, a trav\u00e9s de la [&hellip;]","og_url":"https:\/\/gestionsostenible.cl\/index.php\/empresa_drscripcion\/","article_publisher":"https:\/\/www.facebook.com\/Sosteniblelab\/","article_modified_time":"2023-06-30T14:49:40+00:00","og_image":[{"url":"https:\/\/gestionsostenible.cl\/wp-content\/uploads\/2023\/06\/ico_vision.png"}],"twitter_card":"summary_large_image","twitter_misc":{"Tiempo de lectura":"1 minuto"},"schema":{"@context":"https:\/\/schema.org","@graph":[{"@type":"WebPage","@id":"https:\/\/gestionsostenible.cl\/index.php\/empresa_drscripcion\/","url":"https:\/\/gestionsostenible.cl\/index.php\/empresa_drscripcion\/","name":"Empresa_drscripci\u00f3n -","isPartOf":{"@id":"https:\/\/gestionsostenible.cl\/#website"},"datePublished":"2023-06-29T17:10:13+00:00","dateModified":"2023-06-30T14:49:40+00:00","breadcrumb":{"@id":"https:\/\/gestionsostenible.cl\/index.php\/empresa_drscripcion\/#breadcrumb"},"inLanguage":"es","potentialAction":[{"@type":"ReadAction","target":["https:\/\/gestionsostenible.cl\/index.php\/empresa_drscripcion\/"]}]},{"@type":"BreadcrumbList","@id":"https:\/\/gestionsostenible.cl\/index.php\/empresa_drscripcion\/#breadcrumb","itemListElement":[{"@type":"ListItem","position":1,"name":"Portada","item":"https:\/\/gestionsostenible.cl\/"},{"@type":"ListItem","position":2,"name":"Empresa_drscripci\u00f3n"}]},{"@type":"WebSite","@id":"https:\/\/gestionsostenible.cl\/#website","url":"https:\/\/gestionsostenible.cl\/","name":"Gesti\u00f3n Sostenible","description":"Grupo de Ingenieros con experiencia en el mundo P\u00fablico, Industrial, Ambiental y de la Innovaci\u00f3n.","publisher":{"@id":"https:\/\/gestionsostenible.cl\/#organization"},"potentialAction":[{"@type":"SearchAction","target":{"@type":"EntryPoint","urlTemplate":"https:\/\/gestionsostenible.cl\/?s={search_term_string}"},"query-input":"required name=search_term_string"}],"inLanguage":"es"},{"@type":"Organization","@id":"https:\/\/gestionsostenible.cl\/#organization","name":"Estrategias de Innovaci\u00f3n Ambiental y Social","url":"https:\/\/gestionsostenible.cl\/","logo":{"@type":"ImageObject","inLanguage":"es","@id":"https:\/\/gestionsostenible.cl\/#\/schema\/logo\/image\/","url":"https:\/\/gestionsostenible.cl\/wp-content\/uploads\/2023\/06\/cropped-logo-01-1.png","contentUrl":"https:\/\/gestionsostenible.cl\/wp-content\/uploads\/2023\/06\/cropped-logo-01-1.png","width":3999,"height":1255,"caption":"Estrategias de Innovaci\u00f3n Ambiental y Social"},"image":{"@id":"https:\/\/gestionsostenible.cl\/#\/schema\/logo\/image\/"},"sameAs":["https:\/\/www.facebook.com\/Sosteniblelab\/","http:\/\/comunidadymedioambiente.blogspot.com\/"]}]}},"_links":{"self":[{"href":"https:\/\/gestionsostenible.cl\/index.php\/wp-json\/wp\/v2\/pages\/54","targetHints":{"allow":["GET"]}}],"collection":[{"href":"https:\/\/gestionsostenible.cl\/index.php\/wp-json\/wp\/v2\/pages"}],"about":[{"href":"https:\/\/gestionsostenible.cl\/index.php\/wp-json\/wp\/v2\/types\/page"}],"author":[{"embeddable":true,"href":"https:\/\/gestionsostenible.cl\/index.php\/wp-json\/wp\/v2\/users\/1"}],"replies":[{"embeddable":true,"href":"https:\/\/gestionsostenible.cl\/index.php\/wp-json\/wp\/v2\/comments?post=54"}],"version-history":[{"count":22,"href":"https:\/\/gestionsostenible.cl\/index.php\/wp-json\/wp\/v2\/pages\/54\/revisions"}],"predecessor-version":[{"id":245,"href":"https:\/\/gestionsostenible.cl\/index.php\/wp-json\/wp\/v2\/pages\/54\/revisions\/245"}],"wp:attachment":[{"href":"https:\/\/gestionsostenible.cl\/index.php\/wp-json\/wp\/v2\/media?parent=54"}],"curies":[{"name":"wp","href":"https:\/\/api.w.org\/{rel}","templated":true}]}}