{"id":44,"date":"2023-06-29T17:08:34","date_gmt":"2023-06-29T17:08:34","guid":{"rendered":"https:\/\/gestionsostenible.cl\/?page_id=44"},"modified":"2023-07-27T17:35:06","modified_gmt":"2023-07-27T17:35:06","slug":"inicio","status":"publish","type":"page","link":"https:\/\/gestionsostenible.cl\/","title":{"rendered":"INICIO"},"content":{"rendered":"\t\t<div data-elementor-type=\"wp-page\" data-elementor-id=\"44\" class=\"elementor elementor-44\">\n\t\t\t\t\t\t\t\t\t<section class=\"elementor-section elementor-top-section elementor-element elementor-element-d238bac elementor-section-full_width elementor-section-height-min-height elementor-section-items-stretch elementor-section-height-default\" data-id=\"d238bac\" data-element_type=\"section\">\n\t\t\t\t\t\t<div class=\"elementor-container elementor-column-gap-no\">\n\t\t\t\t\t<div class=\"elementor-column elementor-col-100 elementor-top-column elementor-element elementor-element-95d4a7f\" data-id=\"95d4a7f\" data-element_type=\"column\" data-settings=\"{&quot;background_background&quot;:&quot;slideshow&quot;,&quot;background_slideshow_gallery&quot;:[{&quot;id&quot;:843,&quot;url&quot;:&quot;https:\\\/\\\/gestionsostenible.cl\\\/wp-content\\\/uploads\\\/2023\\\/07\\\/slide_1-min.png&quot;},{&quot;id&quot;:845,&quot;url&quot;:&quot;https:\\\/\\\/gestionsostenible.cl\\\/wp-content\\\/uploads\\\/2023\\\/07\\\/slide_3-min.png&quot;},{&quot;id&quot;:846,&quot;url&quot;:&quot;https:\\\/\\\/gestionsostenible.cl\\\/wp-content\\\/uploads\\\/2023\\\/07\\\/slide_4-min.png&quot;},{&quot;id&quot;:847,&quot;url&quot;:&quot;https:\\\/\\\/gestionsostenible.cl\\\/wp-content\\\/uploads\\\/2023\\\/07\\\/slide_5-min.png&quot;},{&quot;id&quot;:848,&quot;url&quot;:&quot;https:\\\/\\\/gestionsostenible.cl\\\/wp-content\\\/uploads\\\/2023\\\/07\\\/slide_6-min.png&quot;}],&quot;background_slideshow_lazyload&quot;:&quot;yes&quot;,&quot;background_slideshow_ken_burns&quot;:&quot;yes&quot;,&quot;background_slideshow_loop&quot;:&quot;yes&quot;,&quot;background_slideshow_slide_duration&quot;:5000,&quot;background_slideshow_slide_transition&quot;:&quot;fade&quot;,&quot;background_slideshow_transition_duration&quot;:500,&quot;background_slideshow_ken_burns_zoom_direction&quot;:&quot;in&quot;}\">\n\t\t\t<div class=\"elementor-widget-wrap\">\n\t\t\t\t\t\t\t\t\t<\/div>\n\t\t<\/div>\n\t\t\t\t\t\t\t<\/div>\n\t\t<\/section>\n\t\t\t\t\t\t\t<\/div>\n\t\t","protected":false},"excerpt":{"rendered":"","protected":false},"author":1,"featured_media":0,"parent":0,"menu_order":0,"comment_status":"closed","ping_status":"closed","template":"","meta":{"site-sidebar-layout":"no-sidebar","site-content-layout":"page-builder","ast-site-content-layout":"","site-content-style":"default","site-sidebar-style":"default","ast-global-header-display":"","ast-banner-title-visibility":"","ast-main-header-display":"","ast-hfb-above-header-display":"","ast-hfb-below-header-display":"","ast-hfb-mobile-header-display":"","site-post-title":"disabled","ast-breadcrumbs-content":"","ast-featured-img":"disabled","footer-sml-layout":"","theme-transparent-header-meta":"","adv-header-id-meta":"","stick-header-meta":"","header-above-stick-meta":"","header-main-stick-meta":"","header-below-stick-meta":"","astra-migrate-meta-layouts":"default","ast-page-background-enabled":"default","ast-page-background-meta":{"desktop":{"background-color":"var(--ast-global-color-4)","background-image":"","background-repeat":"repeat","background-position":"center center","background-size":"auto","background-attachment":"scroll","background-type":"","background-media":"","overlay-type":"","overlay-color":"","overlay-opacity":"","overlay-gradient":""},"tablet":{"background-color":"","background-image":"","background-repeat":"repeat","background-position":"center center","background-size":"auto","background-attachment":"scroll","background-type":"","background-media":"","overlay-type":"","overlay-color":"","overlay-opacity":"","overlay-gradient":""},"mobile":{"background-color":"","background-image":"","background-repeat":"repeat","background-position":"center center","background-size":"auto","background-attachment":"scroll","background-type":"","background-media":"","overlay-type":"","overlay-color":"","overlay-opacity":"","overlay-gradient":""}},"ast-content-background-meta":{"desktop":{"background-color":"var(--ast-global-color-5)","background-image":"","background-repeat":"repeat","background-position":"center center","background-size":"auto","background-attachment":"scroll","background-type":"","background-media":"","overlay-type":"","overlay-color":"","overlay-opacity":"","overlay-gradient":""},"tablet":{"background-color":"var(--ast-global-color-5)","background-image":"","background-repeat":"repeat","background-position":"center center","background-size":"auto","background-attachment":"scroll","background-type":"","background-media":"","overlay-type":"","overlay-color":"","overlay-opacity":"","overlay-gradient":""},"mobile":{"background-color":"var(--ast-global-color-5)","background-image":"","background-repeat":"repeat","background-position":"center center","background-size":"auto","background-attachment":"scroll","background-type":"","background-media":"","overlay-type":"","overlay-color":"","overlay-opacity":"","overlay-gradient":""}},"footnotes":""},"class_list":["post-44","page","type-page","status-publish","hentry"],"yoast_head":"<!-- This site is optimized with the Yoast SEO plugin v20.12 - https:\/\/yoast.com\/wordpress\/plugins\/seo\/ -->\n<title>INICIO -<\/title>\n<meta name=\"robots\" content=\"index, follow, max-snippet:-1, max-image-preview:large, max-video-preview:-1\" \/>\n<link rel=\"canonical\" href=\"https:\/\/gestionsostenible.cl\/\" \/>\n<meta property=\"og:locale\" content=\"es_ES\" \/>\n<meta property=\"og:type\" content=\"article\" \/>\n<meta property=\"og:title\" content=\"INICIO -\" \/>\n<meta property=\"og:url\" content=\"https:\/\/gestionsostenible.cl\/\" \/>\n<meta property=\"article:publisher\" content=\"https:\/\/www.facebook.com\/Sosteniblelab\/\" \/>\n<meta property=\"article:modified_time\" content=\"2023-07-27T17:35:06+00:00\" \/>\n<meta name=\"twitter:card\" content=\"summary_large_image\" \/>\n<script type=\"application\/ld+json\" class=\"yoast-schema-graph\">{\"@context\":\"https:\/\/schema.org\",\"@graph\":[{\"@type\":\"WebPage\",\"@id\":\"https:\/\/gestionsostenible.cl\/\",\"url\":\"https:\/\/gestionsostenible.cl\/\",\"name\":\"INICIO -\",\"isPartOf\":{\"@id\":\"https:\/\/gestionsostenible.cl\/#website\"},\"datePublished\":\"2023-06-29T17:08:34+00:00\",\"dateModified\":\"2023-07-27T17:35:06+00:00\",\"breadcrumb\":{\"@id\":\"https:\/\/gestionsostenible.cl\/#breadcrumb\"},\"inLanguage\":\"es\",\"potentialAction\":[{\"@type\":\"ReadAction\",\"target\":[\"https:\/\/gestionsostenible.cl\/\"]}]},{\"@type\":\"BreadcrumbList\",\"@id\":\"https:\/\/gestionsostenible.cl\/#breadcrumb\",\"itemListElement\":[{\"@type\":\"ListItem\",\"position\":1,\"name\":\"Portada\",\"item\":\"https:\/\/gestionsostenible.cl\/\"},{\"@type\":\"ListItem\",\"position\":2,\"name\":\"INICIO\"}]},{\"@type\":\"WebSite\",\"@id\":\"https:\/\/gestionsostenible.cl\/#website\",\"url\":\"https:\/\/gestionsostenible.cl\/\",\"name\":\"Gesti\u00f3n Sostenible\",\"description\":\"Grupo de Ingenieros con experiencia en el mundo P\u00fablico, Industrial, Ambiental y de la Innovaci\u00f3n.\",\"publisher\":{\"@id\":\"https:\/\/gestionsostenible.cl\/#organization\"},\"potentialAction\":[{\"@type\":\"SearchAction\",\"target\":{\"@type\":\"EntryPoint\",\"urlTemplate\":\"https:\/\/gestionsostenible.cl\/?s={search_term_string}\"},\"query-input\":\"required name=search_term_string\"}],\"inLanguage\":\"es\"},{\"@type\":\"Organization\",\"@id\":\"https:\/\/gestionsostenible.cl\/#organization\",\"name\":\"Estrategias de Innovaci\u00f3n Ambiental y Social\",\"url\":\"https:\/\/gestionsostenible.cl\/\",\"logo\":{\"@type\":\"ImageObject\",\"inLanguage\":\"es\",\"@id\":\"https:\/\/gestionsostenible.cl\/#\/schema\/logo\/image\/\",\"url\":\"https:\/\/gestionsostenible.cl\/wp-content\/uploads\/2023\/06\/cropped-logo-01-1.png\",\"contentUrl\":\"https:\/\/gestionsostenible.cl\/wp-content\/uploads\/2023\/06\/cropped-logo-01-1.png\",\"width\":3999,\"height\":1255,\"caption\":\"Estrategias de Innovaci\u00f3n Ambiental y Social\"},\"image\":{\"@id\":\"https:\/\/gestionsostenible.cl\/#\/schema\/logo\/image\/\"},\"sameAs\":[\"https:\/\/www.facebook.com\/Sosteniblelab\/\",\"http:\/\/comunidadymedioambiente.blogspot.com\/\"]}]}<\/script>\n<!-- \/ Yoast SEO plugin. -->","yoast_head_json":{"title":"INICIO -","robots":{"index":"index","follow":"follow","max-snippet":"max-snippet:-1","max-image-preview":"max-image-preview:large","max-video-preview":"max-video-preview:-1"},"canonical":"https:\/\/gestionsostenible.cl\/","og_locale":"es_ES","og_type":"article","og_title":"INICIO -","og_url":"https:\/\/gestionsostenible.cl\/","article_publisher":"https:\/\/www.facebook.com\/Sosteniblelab\/","article_modified_time":"2023-07-27T17:35:06+00:00","twitter_card":"summary_large_image","schema":{"@context":"https:\/\/schema.org","@graph":[{"@type":"WebPage","@id":"https:\/\/gestionsostenible.cl\/","url":"https:\/\/gestionsostenible.cl\/","name":"INICIO -","isPartOf":{"@id":"https:\/\/gestionsostenible.cl\/#website"},"datePublished":"2023-06-29T17:08:34+00:00","dateModified":"2023-07-27T17:35:06+00:00","breadcrumb":{"@id":"https:\/\/gestionsostenible.cl\/#breadcrumb"},"inLanguage":"es","potentialAction":[{"@type":"ReadAction","target":["https:\/\/gestionsostenible.cl\/"]}]},{"@type":"BreadcrumbList","@id":"https:\/\/gestionsostenible.cl\/#breadcrumb","itemListElement":[{"@type":"ListItem","position":1,"name":"Portada","item":"https:\/\/gestionsostenible.cl\/"},{"@type":"ListItem","position":2,"name":"INICIO"}]},{"@type":"WebSite","@id":"https:\/\/gestionsostenible.cl\/#website","url":"https:\/\/gestionsostenible.cl\/","name":"Gesti\u00f3n Sostenible","description":"Grupo de Ingenieros con experiencia en el mundo P\u00fablico, Industrial, Ambiental y de la Innovaci\u00f3n.","publisher":{"@id":"https:\/\/gestionsostenible.cl\/#organization"},"potentialAction":[{"@type":"SearchAction","target":{"@type":"EntryPoint","urlTemplate":"https:\/\/gestionsostenible.cl\/?s={search_term_string}"},"query-input":"required name=search_term_string"}],"inLanguage":"es"},{"@type":"Organization","@id":"https:\/\/gestionsostenible.cl\/#organization","name":"Estrategias de Innovaci\u00f3n Ambiental y Social","url":"https:\/\/gestionsostenible.cl\/","logo":{"@type":"ImageObject","inLanguage":"es","@id":"https:\/\/gestionsostenible.cl\/#\/schema\/logo\/image\/","url":"https:\/\/gestionsostenible.cl\/wp-content\/uploads\/2023\/06\/cropped-logo-01-1.png","contentUrl":"https:\/\/gestionsostenible.cl\/wp-content\/uploads\/2023\/06\/cropped-logo-01-1.png","width":3999,"height":1255,"caption":"Estrategias de Innovaci\u00f3n Ambiental y Social"},"image":{"@id":"https:\/\/gestionsostenible.cl\/#\/schema\/logo\/image\/"},"sameAs":["https:\/\/www.facebook.com\/Sosteniblelab\/","http:\/\/comunidadymedioambiente.blogspot.com\/"]}]}},"_links":{"self":[{"href":"https:\/\/gestionsostenible.cl\/index.php\/wp-json\/wp\/v2\/pages\/44","targetHints":{"allow":["GET"]}}],"collection":[{"href":"https:\/\/gestionsostenible.cl\/index.php\/wp-json\/wp\/v2\/pages"}],"about":[{"href":"https:\/\/gestionsostenible.cl\/index.php\/wp-json\/wp\/v2\/types\/page"}],"author":[{"embeddable":true,"href":"https:\/\/gestionsostenible.cl\/index.php\/wp-json\/wp\/v2\/users\/1"}],"replies":[{"embeddable":true,"href":"https:\/\/gestionsostenible.cl\/index.php\/wp-json\/wp\/v2\/comments?post=44"}],"version-history":[{"count":94,"href":"https:\/\/gestionsostenible.cl\/index.php\/wp-json\/wp\/v2\/pages\/44\/revisions"}],"predecessor-version":[{"id":1120,"href":"https:\/\/gestionsostenible.cl\/index.php\/wp-json\/wp\/v2\/pages\/44\/revisions\/1120"}],"wp:attachment":[{"href":"https:\/\/gestionsostenible.cl\/index.php\/wp-json\/wp\/v2\/media?parent=44"}],"curies":[{"name":"wp","href":"https:\/\/api.w.org\/{rel}","templated":true}]}}